{"id":988,"date":"2023-05-02T06:08:06","date_gmt":"2023-05-02T04:08:06","guid":{"rendered":"https:\/\/www.terrilflora68.com\/?post_type=product&#038;p=988"},"modified":"2023-05-02T15:06:58","modified_gmt":"2023-05-02T13:06:58","slug":"safran-biologique","status":"publish","type":"product","link":"https:\/\/www.terrilflora68.com\/index.php\/produit\/safran-biologique\/","title":{"rendered":"Safran biologique (1g)"},"content":{"rendered":"<p>Le safran iranien est consid\u00e9r\u00e9 comme l&#8217;un des meilleurs au monde en raison de ses caract\u00e9ristiques uniques, notamment sa couleur, son ar\u00f4me et sa saveur. L&#8217;Iran est l&#8217;un des principaux producteurs de safran au monde, produisant environ 90% de la production mondiale de safran. Le safran est une \u00e9pice pr\u00e9cieuse et co\u00fbteuse, souvent utilis\u00e9e pour la coloration et l&#8217;aromatisation des aliments, ainsi que dans la m\u00e9decine traditionnelle pour ses propri\u00e9t\u00e9s m\u00e9dicinales. Les r\u00e9gions iraniennes les plus connues pour la culture du safran sont la province de Khorasan dans le nord-est et la province de Fars dans le sud. Le safran est souvent r\u00e9colt\u00e9 \u00e0 la main et est un \u00e9l\u00e9ment important de l&#8217;\u00e9conomie iranienne.<\/p>\n<p>Le safran iranien est connu pour ses vertus aromatiques et gustatives, ainsi que pour ses propri\u00e9t\u00e9s m\u00e9dicinales. Il est utilis\u00e9 dans une grande vari\u00e9t\u00e9 de plats pour leur donner une couleur et un go\u00fbt distinctifs. Le safran est \u00e9galement connu pour ses propri\u00e9t\u00e9s antioxydantes et anti-inflammatoires, ainsi que pour son effet positif sur la digestion et le syst\u00e8me immunitaire.<\/p>\n<p>En termes de parfum, le safran iranien est connu pour son ar\u00f4me doux et floral, avec des notes l\u00e9g\u00e8rement am\u00e8res. L&#8217;ar\u00f4me du safran est tr\u00e8s sensible et d\u00e9licat, et doit \u00eatre prot\u00e9g\u00e9 de la lumi\u00e8re, de l&#8217;humidit\u00e9 et de la chaleur pour conserver ses propri\u00e9t\u00e9s aromatiques.<\/p>\n<p>Le safran Perse est souvent consid\u00e9r\u00e9 comme le meilleur au monde en raison de sa couleur vive, de son ar\u00f4me complexe et de son go\u00fbt riche. C&#8217;est pourquoi il est tr\u00e8s pris\u00e9 dans la cuisine de nombreux pays, ainsi que dans l&#8217;industrie cosm\u00e9tique pour ses propri\u00e9t\u00e9s colorantes et parfumantes.<\/p>\n","protected":false},"excerpt":{"rendered":"<p>Le safran iranien est consid\u00e9r\u00e9 comme l&#8217;un des meilleurs au monde en raison de ses caract\u00e9ristiques uniques, notamment sa couleur, son ar\u00f4me et sa saveur.<\/p>\n","protected":false},"featured_media":984,"comment_status":"open","ping_status":"closed","template":"","meta":{"neve_meta_sidebar":"","neve_meta_container":"","neve_meta_enable_content_width":"off","neve_meta_content_width":100,"neve_meta_title_alignment":"","neve_meta_author_avatar":"","neve_post_elements_order":"","neve_meta_disable_header":"","neve_meta_disable_footer":"","neve_meta_disable_title":"","_themeisle_gutenberg_block_has_review":false,"_ti_tpc_template_sync":false,"_ti_tpc_template_id":""},"product_cat":[27],"product_tag":[],"class_list":["post-988","product","type-product","status-publish","has-post-thumbnail","hentry","product_cat-non-classe"],"_links":{"self":[{"href":"https:\/\/www.terrilflora68.com\/index.php\/wp-json\/wp\/v3\/product\/988","targetHints":{"allow":["GET"]}}],"collection":[{"href":"https:\/\/www.terrilflora68.com\/index.php\/wp-json\/wp\/v3\/product"}],"about":[{"href":"https:\/\/www.terrilflora68.com\/index.php\/wp-json\/wp\/v2\/types\/product"}],"replies":[{"embeddable":true,"href":"https:\/\/www.terrilflora68.com\/index.php\/wp-json\/wp\/v2\/comments?post=988"}],"wp:featuredmedia":[{"embeddable":true,"href":"https:\/\/www.terrilflora68.com\/index.php\/wp-json\/wp\/v2\/media\/984"}],"wp:attachment":[{"href":"https:\/\/www.terrilflora68.com\/index.php\/wp-json\/wp\/v2\/media?parent=988"}],"wp:term":[{"taxonomy":"product_cat","embeddable":true,"href":"https:\/\/www.terrilflora68.com\/index.php\/wp-json\/wp\/v2\/product_cat?post=988"},{"taxonomy":"product_tag","embeddable":true,"href":"https:\/\/www.terrilflora68.com\/index.php\/wp-json\/wp\/v2\/product_tag?post=988"}],"curies":[{"name":"wp","href":"https:\/\/api.w.org\/{rel}","templated":true}]}}