{"id":1006,"date":"2023-05-02T15:10:09","date_gmt":"2023-05-02T13:10:09","guid":{"rendered":"https:\/\/www.terrilflora68.com\/?post_type=product&#038;p=1006"},"modified":"2023-05-02T15:18:41","modified_gmt":"2023-05-02T13:18:41","slug":"lamier-blanc-sommite-fleurie-50g","status":"publish","type":"product","link":"https:\/\/www.terrilflora68.com\/index.php\/produit\/lamier-blanc-sommite-fleurie-50g\/","title":{"rendered":"LAMIER BLANC:  Sommit\u00e9 fleurie (50g)"},"content":{"rendered":"<p>Le Lamium album, \u00e9galement connu sous le nom de lamier blanc, est une plante herbac\u00e9e vivace de la famille des Lamiaceae. Voici quelques-unes de ses propri\u00e9t\u00e9s :<\/p>\n<ul>\n<li>Propri\u00e9t\u00e9s m\u00e9dicinales : Le lamier blanc est traditionnellement utilis\u00e9 en herboristerie pour ses propri\u00e9t\u00e9s m\u00e9dicinales. Il est notamment consid\u00e9r\u00e9 comme diur\u00e9tique, tonique, astringent, h\u00e9mostatique, expectorant et antiseptique. Il est souvent utilis\u00e9 pour traiter les affections des voies respiratoires, les troubles digestifs et urinaires, et pour aider \u00e0 r\u00e9guler le cycle menstruel.<\/li>\n<li>Composition : Le lamier blanc contient des flavono\u00efdes, des tanins, des acides ph\u00e9noliques, des triterp\u00e8nes et des irido\u00efdes, qui sont des compos\u00e9s b\u00e9n\u00e9fiques pour la sant\u00e9.<\/li>\n<li>Usage culinaire : Les feuilles du lamier blanc peuvent \u00eatre utilis\u00e9es en cuisine comme une herbe aromatique. Elles ont un go\u00fbt l\u00e9g\u00e8rement sucr\u00e9 et rappellent la menthe et le citron.<\/li>\n<li>Utilisation en cosm\u00e9tique : Le lamier blanc peut \u00e9galement \u00eatre utilis\u00e9 en cosm\u00e9tique pour ses propri\u00e9t\u00e9s astringentes et antioxydantes. Il est notamment utilis\u00e9 dans les produits pour la peau \u00e0 tendance grasse.<\/li>\n<\/ul>\n<p>&nbsp;<\/p>\n","protected":false},"excerpt":{"rendered":"<p>Le Lamium album, \u00e9galement connu sous le nom de lamier blanc, est une plante herbac\u00e9e vivace de la famille des Lamiaceae. Voici quelques-unes de ses propri\u00e9t\u00e9s : Propri\u00e9t\u00e9s m\u00e9dicinales : Le lamier blanc est traditionnellement utilis\u00e9 en herboristerie pour ses propri\u00e9t\u00e9s m\u00e9dicinales. Il est notamment consid\u00e9r\u00e9 comme diur\u00e9tique, tonique, astringent, h\u00e9mostatique, expectorant et antiseptique. Il&hellip;&nbsp;<a href=\"https:\/\/www.terrilflora68.com\/index.php\/produit\/lamier-blanc-sommite-fleurie-50g\/\" class=\"\" rel=\"bookmark\">Lire la suite &raquo;<span class=\"screen-reader-text\">LAMIER BLANC:  Sommit\u00e9 fleurie (50g)<\/span><\/a><\/p>\n","protected":false},"featured_media":1007,"comment_status":"open","ping_status":"closed","template":"","meta":{"neve_meta_sidebar":"","neve_meta_container":"","neve_meta_enable_content_width":"off","neve_meta_content_width":100,"neve_meta_title_alignment":"","neve_meta_author_avatar":"","neve_post_elements_order":"","neve_meta_disable_header":"","neve_meta_disable_footer":"","neve_meta_disable_title":"","_themeisle_gutenberg_block_has_review":false,"_ti_tpc_template_sync":false,"_ti_tpc_template_id":""},"product_cat":[29],"product_tag":[],"class_list":["post-1006","product","type-product","status-publish","has-post-thumbnail","hentry","product_cat-herboristerie"],"_links":{"self":[{"href":"https:\/\/www.terrilflora68.com\/index.php\/wp-json\/wp\/v3\/product\/1006","targetHints":{"allow":["GET"]}}],"collection":[{"href":"https:\/\/www.terrilflora68.com\/index.php\/wp-json\/wp\/v3\/product"}],"about":[{"href":"https:\/\/www.terrilflora68.com\/index.php\/wp-json\/wp\/v2\/types\/product"}],"replies":[{"embeddable":true,"href":"https:\/\/www.terrilflora68.com\/index.php\/wp-json\/wp\/v2\/comments?post=1006"}],"wp:featuredmedia":[{"embeddable":true,"href":"https:\/\/www.terrilflora68.com\/index.php\/wp-json\/wp\/v2\/media\/1007"}],"wp:attachment":[{"href":"https:\/\/www.terrilflora68.com\/index.php\/wp-json\/wp\/v2\/media?parent=1006"}],"wp:term":[{"taxonomy":"product_cat","embeddable":true,"href":"https:\/\/www.terrilflora68.com\/index.php\/wp-json\/wp\/v2\/product_cat?post=1006"},{"taxonomy":"product_tag","embeddable":true,"href":"https:\/\/www.terrilflora68.com\/index.php\/wp-json\/wp\/v2\/product_tag?post=1006"}],"curies":[{"name":"wp","href":"https:\/\/api.w.org\/{rel}","templated":true}]}}