{"id":70,"date":"2020-03-16T07:40:55","date_gmt":"2020-03-16T07:40:55","guid":{"rendered":"https:\/\/demosites.io\/amadeus-gb\/?page_id=70"},"modified":"2023-05-01T18:49:06","modified_gmt":"2023-05-01T16:49:06","slug":"14d9b-home","status":"publish","type":"page","link":"https:\/\/www.terrilflora68.com\/","title":{"rendered":"Home"},"content":{"rendered":"\n<header id=\"wp-block-themeisle-blocks-advanced-columns-459b68ca\" class=\"wp-block-themeisle-blocks-advanced-columns alignfull has-1-columns has-desktop-equal-layout has-tablet-equal-layout has-mobile-equal-layout has-vertical-bottom\"><div class=\"wp-block-themeisle-blocks-advanced-columns-overlay\"><\/div><div class=\"innerblocks-wrap\">\n<header id=\"wp-block-themeisle-blocks-advanced-column-eab89d88\" class=\"wp-block-themeisle-blocks-advanced-column\">\n<h2 id=\"wp-block-themeisle-blocks-advanced-heading-2eaf2380\" class=\"wp-block-themeisle-blocks-advanced-heading wp-block-themeisle-blocks-advanced-heading-2eaf2380\"><strong>Natura plantae<\/strong><\/h2>\n\n\n\n<p class=\"has-text-align-center has-nv-text-dark-bg-color has-text-color\" style=\"font-size:29px\">L&#8217;essence des plantes<\/p>\n<\/header>\n<\/div><\/header>\n\n\n\n<div class=\"wp-block-group has-nv-text-dark-bg-color has-nv-dark-bg-background-color has-text-color has-background\"><div class=\"wp-block-group__inner-container is-layout-constrained wp-block-group-is-layout-constrained\">\n<div id=\"wp-block-themeisle-blocks-advanced-columns-bec0fd76\" class=\"wp-block-themeisle-blocks-advanced-columns has-1-columns has-desktop-undefined-layout has-tablet-equal-layout has-mobile-equal-layout has-vertical-unset has-dark-bg\"><div class=\"wp-block-themeisle-blocks-advanced-columns-overlay\"><\/div><div class=\"innerblocks-wrap\">\n<div id=\"wp-block-themeisle-blocks-advanced-column-01d6e739\" class=\"wp-block-themeisle-blocks-advanced-column\">\n<p><\/p>\n\n\n\n<h4 class=\"wp-block-heading has-text-align-center has-small-font-size\">Les plantes,  une affaire d&#8217;expert !  Nous mettons nos comp\u00e9tences et notre expertise en botanique pour offrir des produits et des services de qualit\u00e9.<\/h4>\n<\/div>\n<\/div><\/div>\n<\/div><\/div>\n\n\n\n<div class=\"wp-block-columns is-layout-flex wp-container-core-columns-is-layout-9d6595d7 wp-block-columns-is-layout-flex\">\n<div class=\"wp-block-column is-layout-flow wp-block-column-is-layout-flow\" style=\"flex-basis:100%\">\n<section id=\"wp-block-themeisle-blocks-advanced-columns-94dec1f4\" class=\"wp-block-themeisle-blocks-advanced-columns alignfull has-1-columns has-desktop-equal-layout has-tablet-equal-layout has-mobile-equal-layout has-vertical-flex-start\"><div class=\"wp-block-themeisle-blocks-advanced-columns-overlay\"><\/div><div class=\"innerblocks-wrap\">\n<div id=\"wp-block-themeisle-blocks-advanced-column-7b0444df\" class=\"wp-block-themeisle-blocks-advanced-column\">\n<div class=\"wp-block-columns ticss-81678092 is-layout-flex wp-container-core-columns-is-layout-9d6595d7 wp-block-columns-is-layout-flex\">\n<div class=\"wp-block-column has-nv-text-dark-bg-background-color has-background is-layout-flow wp-block-column-is-layout-flow\">\n<div style=\"height:25px\" aria-hidden=\"true\" class=\"wp-block-spacer\"><\/div>\n\n\n\n<div style=\"height:25px\" aria-hidden=\"true\" class=\"wp-block-spacer\"><\/div>\n\n\n\n<h3 class=\"wp-block-heading has-text-align-center\">Sorties d&#8217;initiation<\/h3>\n\n\n\n<div style=\"height:29px\" aria-hidden=\"true\" class=\"wp-block-spacer\"><\/div>\n\n\n\n<div class=\"wp-block-columns is-layout-flex wp-container-core-columns-is-layout-9d6595d7 wp-block-columns-is-layout-flex\">\n<div class=\"wp-block-column is-layout-flow wp-block-column-is-layout-flow\" style=\"flex-basis:1px\"><\/div>\n\n\n\n<div class=\"wp-block-column is-layout-flow wp-block-column-is-layout-flow\"><div class=\"wp-block-themeisle-blocks-posts-grid\" id=\"wp-block-themeisle-blocks-posts-grid-ffa98bc2\"><div class=\"is-grid o-posts-grid-columns-1\"><div class=\"o-posts-grid-post-blog o-posts-grid-post-plain\"><div class=\"o-posts-grid-post\"><div class=\"o-posts-grid-post-image\"><a href=\"https:\/\/www.terrilflora68.com\/index.php\/2019\/07\/26\/amadeus-potius-inflammat\/\"><img decoding=\"async\" width=\"2560\" height=\"1440\" src=\"https:\/\/mloeff9wqpq6.i.optimole.com\/w:auto\/h:auto\/q:mauto\/f:avif\/https:\/\/www.terrilflora68.com\/wp-content\/uploads\/2023\/04\/P5190285-scaled.jpg\" class=\"attachment-full size-full\" alt=\"\" \/><\/a><\/div><div class=\"o-posts-grid-post-body\"><div class=\"o-posts-grid-post-description\"><p>Nous ne les voyons plus\u2026 Nous les c\u00f4toyons chaque jour tout en les ignorant, elles sont devenues pour la plupart d&#8217;entre nous qu&#8217;une composante du paysage. Pourtant les plantes sont essentielles dans notre vie quotidienne et dans les \u00e9cosyst\u00e8mes. Elles fournissent de l&#8217;oxyg\u00e8ne, absorbent le dioxyde de carbone, purifient l&#8217;ai\u2026<\/p><a class=\"o-posts-read-more\" href=\"https:\/\/www.terrilflora68.com\/index.php\/2019\/07\/26\/amadeus-potius-inflammat\/\">Read More<\/a><\/div><\/div><\/div><\/div><\/div> <\/div>\n\n\n<div class=\"wp-block-columns is-layout-flex wp-container-core-columns-is-layout-9d6595d7 wp-block-columns-is-layout-flex\">\n<div class=\"wp-block-column is-layout-flow wp-block-column-is-layout-flow\" style=\"flex-basis:100%\"><\/div>\n<\/div>\n<\/div>\n\n\n\n<div class=\"wp-block-column is-layout-flow wp-block-column-is-layout-flow\" style=\"flex-basis:1px\"><\/div>\n<\/div>\n\n\n\n<p> <\/p>\n\n\n\n<p><\/p>\n<\/div>\n\n\n\n<div class=\"wp-block-column has-nv-text-dark-bg-background-color has-background is-layout-flow wp-block-column-is-layout-flow\">\n<div style=\"height:25px\" aria-hidden=\"true\" class=\"wp-block-spacer\"><\/div>\n\n\n\n<div style=\"height:25px\" aria-hidden=\"true\" class=\"wp-block-spacer\"><\/div>\n\n\n\n<h3 class=\"wp-block-heading has-text-align-center\">Vente d&#8217;\u00e9pices et de plantes aromatiques<\/h3>\n\n\n\n<div class=\"wp-block-columns is-layout-flex wp-container-core-columns-is-layout-9d6595d7 wp-block-columns-is-layout-flex\">\n<div class=\"wp-block-column is-layout-flow wp-block-column-is-layout-flow\" style=\"flex-basis:1px\"><\/div>\n\n\n\n<div class=\"wp-block-column is-layout-flow wp-block-column-is-layout-flow\"><div class=\"wp-block-themeisle-blocks-posts-grid\" id=\"wp-block-themeisle-blocks-posts-grid-4f3b7ff4\"><div class=\"is-grid o-posts-grid-columns-1\"><div class=\"o-posts-grid-post-blog o-posts-grid-post-plain\"><div class=\"o-posts-grid-post\"><div class=\"o-posts-grid-post-image\"><a href=\"https:\/\/www.terrilflora68.com\/index.php\/2023\/04\/30\/vente-depices-et-de-plantes-aromatiques\/\"><img decoding=\"async\" width=\"929\" height=\"522\" src=\"https:\/\/mloeff9wqpq6.i.optimole.com\/w:auto\/h:auto\/q:mauto\/f:avif\/https:\/\/www.terrilflora68.com\/wp-content\/uploads\/2023\/05\/Capture-decran-2023-04-30-195836-1-edited.png\" class=\"attachment-full size-full\" alt=\"\" \/><\/a><\/div><div class=\"o-posts-grid-post-body\"><div class=\"o-posts-grid-post-description\"><p>Notre boutique Natura Plantae prochainement en ligne. La page d\u00e9di\u00e9e \u00e0 la vente en ligne est en cours de construction. Nous vous proposerons des plantes aromatiques, m\u00e9dicinales ou tout autre produit \u00e9labor\u00e9 \u00e0 partir de v\u00e9g\u00e9taux. Nous proposeront \u00e0 la vente uniquement des produits qui ont ou qui auront obtenu la certification &#8220;bio&amp;#8221\u2026<\/p><a class=\"o-posts-read-more\" href=\"https:\/\/www.terrilflora68.com\/index.php\/2023\/04\/30\/vente-depices-et-de-plantes-aromatiques\/\">Read More<\/a><\/div><\/div><\/div><\/div><\/div> <\/div>\n\n\n<div class=\"wp-block-columns is-layout-flex wp-container-core-columns-is-layout-9d6595d7 wp-block-columns-is-layout-flex\">\n<div class=\"wp-block-column is-layout-flow wp-block-column-is-layout-flow\" style=\"flex-basis:100%\"><\/div>\n<\/div>\n<\/div>\n\n\n\n<div class=\"wp-block-column is-layout-flow wp-block-column-is-layout-flow\" style=\"flex-basis:1px\"><\/div>\n<\/div>\n\n\n\n<p> <\/p>\n\n\n\n<p><\/p>\n<\/div>\n\n\n\n<div class=\"wp-block-column has-nv-text-dark-bg-background-color has-background is-layout-flow wp-block-column-is-layout-flow\">\n<div style=\"height:25px\" aria-hidden=\"true\" class=\"wp-block-spacer\"><\/div>\n\n\n\n<div style=\"height:25px\" aria-hidden=\"true\" class=\"wp-block-spacer\"><\/div>\n\n\n\n<h3 class=\"wp-block-heading has-text-align-center\">Inventaires floristiques<\/h3>\n\n\n\n<div style=\"height:27px\" aria-hidden=\"true\" class=\"wp-block-spacer\"><\/div>\n\n\n\n<div class=\"wp-block-columns is-layout-flex wp-container-core-columns-is-layout-9d6595d7 wp-block-columns-is-layout-flex\">\n<div class=\"wp-block-column is-layout-flow wp-block-column-is-layout-flow\" style=\"flex-basis:1px\"><\/div>\n\n\n\n<div class=\"wp-block-column is-layout-flow wp-block-column-is-layout-flow\"><div class=\"wp-block-themeisle-blocks-posts-grid\" id=\"wp-block-themeisle-blocks-posts-grid-a0852b6a\"><div class=\"is-grid o-posts-grid-columns-1\"><div class=\"o-posts-grid-post-blog o-posts-grid-post-plain\"><div class=\"o-posts-grid-post\"><div class=\"o-posts-grid-post-image\"><a href=\"https:\/\/www.terrilflora68.com\/index.php\/2023\/04\/30\/inventaire-floristique\/\"><img decoding=\"async\" width=\"377\" height=\"212\" src=\"https:\/\/mloeff9wqpq6.i.optimole.com\/w:auto\/h:auto\/q:mauto\/f:avif\/https:\/\/www.terrilflora68.com\/wp-content\/uploads\/2023\/05\/5-b-edited.png\" class=\"attachment-full size-full\" alt=\"\" \/><\/a><\/div><div class=\"o-posts-grid-post-body\"><div class=\"o-posts-grid-post-description\"><p>Qu&#8217;est ce qu&#8217;un inventaire floristique ? Un inventaire floristique est une m\u00e9thode utilis\u00e9e pour recenser et identifier (d\u00e9termination) toutes les esp\u00e8ces de plantes pr\u00e9sentes dans un endroit donn\u00e9. L&#8217;inventaire est couramment utilis\u00e9e dans les domaines de la botanique, de la conservation de la nature et de la gestion de l&#8217;e\u2026<\/p><a class=\"o-posts-read-more\" href=\"https:\/\/www.terrilflora68.com\/index.php\/2023\/04\/30\/inventaire-floristique\/\">Read More<\/a><\/div><\/div><\/div><\/div><\/div> <\/div>\n\n\n<div class=\"wp-block-columns is-layout-flex wp-container-core-columns-is-layout-9d6595d7 wp-block-columns-is-layout-flex\">\n<div class=\"wp-block-column is-layout-flow wp-block-column-is-layout-flow\" style=\"flex-basis:100%\"><\/div>\n<\/div>\n<\/div>\n\n\n\n<div class=\"wp-block-column is-layout-flow wp-block-column-is-layout-flow\" style=\"flex-basis:1px\"><\/div>\n<\/div>\n\n\n\n<p> <\/p>\n\n\n\n<p><\/p>\n<\/div>\n<\/div>\n<\/div>\n<\/div><\/section>\n<\/div>\n<\/div>\n","protected":false},"excerpt":{"rendered":"","protected":false},"author":1,"featured_media":0,"parent":0,"menu_order":0,"comment_status":"closed","ping_status":"closed","template":"page-templates\/template-pagebuilder-full-width.php","meta":{"neve_meta_sidebar":"full-width","neve_meta_container":"full-width","neve_meta_enable_content_width":"on","neve_meta_content_width":100,"neve_meta_title_alignment":"","neve_meta_author_avatar":"","neve_post_elements_order":"","neve_meta_disable_header":"off","neve_meta_disable_footer":"","neve_meta_disable_title":"off","_themeisle_gutenberg_block_has_review":false,"_ti_tpc_template_sync":false,"_ti_tpc_template_id":"6vqiyt97pf10qohk42ie","footnotes":""},"class_list":["post-70","page","type-page","status-publish","hentry"],"_links":{"self":[{"href":"https:\/\/www.terrilflora68.com\/index.php\/wp-json\/wp\/v2\/pages\/70","targetHints":{"allow":["GET"]}}],"collection":[{"href":"https:\/\/www.terrilflora68.com\/index.php\/wp-json\/wp\/v2\/pages"}],"about":[{"href":"https:\/\/www.terrilflora68.com\/index.php\/wp-json\/wp\/v2\/types\/page"}],"author":[{"embeddable":true,"href":"https:\/\/www.terrilflora68.com\/index.php\/wp-json\/wp\/v2\/users\/1"}],"replies":[{"embeddable":true,"href":"https:\/\/www.terrilflora68.com\/index.php\/wp-json\/wp\/v2\/comments?post=70"}],"version-history":[{"count":214,"href":"https:\/\/www.terrilflora68.com\/index.php\/wp-json\/wp\/v2\/pages\/70\/revisions"}],"predecessor-version":[{"id":969,"href":"https:\/\/www.terrilflora68.com\/index.php\/wp-json\/wp\/v2\/pages\/70\/revisions\/969"}],"wp:attachment":[{"href":"https:\/\/www.terrilflora68.com\/index.php\/wp-json\/wp\/v2\/media?parent=70"}],"curies":[{"name":"wp","href":"https:\/\/api.w.org\/{rel}","templated":true}]}}